{"id":2807,"date":"2021-12-09T14:06:26","date_gmt":"2021-12-09T13:06:26","guid":{"rendered":"https:\/\/vivamedias.com\/en\/?post_type=product&#038;p=2807"},"modified":"2023-09-23T10:19:32","modified_gmt":"2023-09-23T08:19:32","slug":"les-mysteres-de-lhistoire-n13-mata-hari","status":"publish","type":"product","link":"https:\/\/www.axala.fr\/en\/magazine\/les-mysteres-de-lhistoire-n13-mata-hari\/","title":{"rendered":"Les myst\u00e8res de l\u2019Histoire 2 n\u00b017 \u2013 Le Satanisme"},"content":{"rendered":"<div class=\"page\" title=\"Page 5\">\n<div class=\"layoutArea\">\n<div class=\"column\">\n<div class=\"page\" title=\"Page 5\">\n<div class=\"layoutArea\">\n<div class=\"column\">\n<h3>De Mademoiselle Zelle \u00e0 l\u2019Agent H 21<\/h3>\n<\/div>\n<\/div>\n<\/div>\n<p>I l existe pl\u00e9thore de livres \u00e0 son sujet, et pour cause ! La vie de Mata Hari fut des plus rocambolesques, et sa biographie est digne d\u2019un roman. Mata Hari, de son vrai nom Margaretha Geertruida Zelle, est n\u00e9e en 1876. Sa m\u00e8re est d\u00e9c\u00e9d\u00e9e d\u00e8s son jeune \u00e2ge. Elle se marie au capitaine Rudolph Mac Leod, un homme violent et dominateur, avec qui elle a deux enfants. L\u2019un d\u2019eux meurt \u00e0 un tr\u00e8s jeune \u00e2ge. Divorc\u00e9e, elle part pour Paris o\u00f9 elle doit user de ses charmes pour survivre. Puis, des r\u00eaves plein la t\u00eate, elle s\u2019invente une nouvelle personnalit\u00e9, Mata Hari, danseuse exotique sacr\u00e9e. Elle conna\u00eet un grand succ\u00e8s en France et dans les pays voisins.<\/p>\n<p>Les amateurs de danse orientale seront d\u00e9\u00e7us de d\u00e9couvrir qu\u2019elle fut, en v\u00e9rit\u00e9, une femme qui a surtout us\u00e9 de ses charmes pour se faire conna\u00eetre et vivre confortablement. Impudeur et sexe-appeal ont suffi \u00e0 compenser son pi\u00e8tre talent de danseuse. Elle s\u2019est cr\u00e9\u00e9 de toutes pi\u00e8ces un personnage d\u2019artiste exotique, sans r\u00e9elle culture ou enseignement. Une danseuse dont il reste, encore aujourd\u2019hui, beaucoup de photos et d\u2019illustrations. Exub\u00e9rante, flambant tout son argent dans des soir\u00e9es mondaines et n\u2019en faisant qu\u2019\u00e0 sa t\u00eate, son \u00e9toile se ternit. La guerre se d\u00e9clare et la soci\u00e9t\u00e9 change, Mata Hari se retrouve donc, encore une fois, \u00e0 user de ses charmes pour vivre. Elle collectionne les amants qui veillent \u00e0 son train de vie princier. Puis l\u2019Allemagne la recrute comme espionne dans le but que ses nombreuses \u00abconnaissances\u00bb bien plac\u00e9es donnent des informations int\u00e9ressantes. Mais \u00e0 Paris, elle accepte le m\u00eame type de march\u00e9 avec l\u2019arm\u00e9e fran\u00e7aise. Tomb\u00e9e follement amoureuse du lieutenant Vadim Massloff, son amour pour lui, sa na\u00efvet\u00e9 et sa d\u00e9mesure la conduiront \u00e0 sa perte. Le 15 octobre 1917, elle est fusill\u00e9e pour espionnage et contre-espionnage.<\/p>\n<p>Inconsciente des risques, elle fit le choix d\u2019une vie aventureuse, des plus libre, Tour \u00e0 tour apprentie institutrice, \u00e9pouse d\u2019un officier colonial, danseuse orientale, cavali\u00e8re, femme entretenue et enfin agent secret, Mata Hari v\u00e9cut plusieurs vies. Au-del\u00e0 de ses relations amoureuses tarif\u00e9es, elle fut une femme libre et peu soucieuse de la morale, scandalisant les m\u0153urs de l\u2019\u00e9poque. Elle paiera le prix fort pour avoir jou\u00e9 sur plusieurs tableaux entre la France et l\u2019Allemagne n\u2019ayant pour seule patrie que ses amours et un train de vie n\u00e9cessitant beaucoup d\u2019argent.<\/p>\n<\/div>\n<\/div>\n<\/div>\n<p>&nbsp;<\/p>\n<p><em>Par SONIA SALE\u0301S \u2014 Re\u0301dactrice en chef<\/em><\/p>\n","protected":false},"excerpt":{"rendered":"<h1 class=\"product_title entry-title\">Les myst\u00e8res de l\u2019Histoire n\u00b013 \u2013 MATA HARI<\/h1>\n<p>Novembre 2021 &#8211; Janvier 2022. Version num\u00e9rique<\/p>\n<p class=\"price\"><del aria-hidden=\"true\"><span class=\"woocommerce-Price-amount amount\"><bdi>15,00<span class=\"woocommerce-Price-currencySymbol\">\u20ac<\/span><\/bdi><\/span><\/del>\u00a0<ins><span class=\"woocommerce-Price-amount amount\"><bdi>8,91<span class=\"woocommerce-Price-currencySymbol\">\u20ac<\/span><\/bdi><\/span><\/ins><\/p>\n<div class=\"woocommerce-product-details__short-description\">\n<p>LES FEMMES LES PLUS SCANDALEUSES<\/p>\n<p><strong>ROMANESQUE<\/strong><\/p>\n<p><span id=\"p64\">R\u00c9CIT D\u2019UNE VIE DIGNE D\u2019UN ROMAN : DE \u00abMADEMOISELLE ZELLE \u00c0 L\u2019AGENT H 21\u00bb<\/span><\/p>\n<p><strong>R\u00c9V\u00c9LATIONS<span id=\"p72\"><\/p>\n<p><\/span><\/strong>UNE COURTISANE AU SERVICE DES ALLEMANDS<\/p>\n<p><span id=\"p77\"><\/span><\/p>\n<p><span id=\"p77\">MATA HARI LA DANSEUSE-ESPIONNE\u00a0 MENSONGE OU R\u00c9ALIT\u00c9 ?<\/span><\/p>\n<p>200 pages num\u00e9ro double<\/p>\n<\/div>\n","protected":false},"featured_media":2808,"comment_status":"closed","ping_status":"closed","template":"","meta":{"_acf_changed":false,"_monsterinsights_skip_tracking":false,"_monsterinsights_sitenote_active":false,"_monsterinsights_sitenote_note":"","_monsterinsights_sitenote_category":0,"_uf_show_specific_survey":0,"_uf_disable_surveys":false},"product_brand":[],"product_cat":[174],"product_tag":[],"class_list":{"0":"post-2807","1":"product","2":"type-product","3":"status-publish","4":"has-post-thumbnail","6":"product_cat-les-mysteres-de-lhistoire","8":"first","9":"instock","10":"sale","11":"downloadable","12":"virtual","13":"taxable","14":"purchasable","15":"product-type-simple"},"acf":[],"aioseo_notices":[],"_links":{"self":[{"href":"https:\/\/www.axala.fr\/en\/wp-json\/wp\/v2\/product\/2807","targetHints":{"allow":["GET"]}}],"collection":[{"href":"https:\/\/www.axala.fr\/en\/wp-json\/wp\/v2\/product"}],"about":[{"href":"https:\/\/www.axala.fr\/en\/wp-json\/wp\/v2\/types\/product"}],"replies":[{"embeddable":true,"href":"https:\/\/www.axala.fr\/en\/wp-json\/wp\/v2\/comments?post=2807"}],"wp:featuredmedia":[{"embeddable":true,"href":"https:\/\/www.axala.fr\/en\/wp-json\/wp\/v2\/media\/2808"}],"wp:attachment":[{"href":"https:\/\/www.axala.fr\/en\/wp-json\/wp\/v2\/media?parent=2807"}],"wp:term":[{"taxonomy":"product_brand","embeddable":true,"href":"https:\/\/www.axala.fr\/en\/wp-json\/wp\/v2\/product_brand?post=2807"},{"taxonomy":"product_cat","embeddable":true,"href":"https:\/\/www.axala.fr\/en\/wp-json\/wp\/v2\/product_cat?post=2807"},{"taxonomy":"product_tag","embeddable":true,"href":"https:\/\/www.axala.fr\/en\/wp-json\/wp\/v2\/product_tag?post=2807"}],"curies":[{"name":"wp","href":"https:\/\/api.w.org\/{rel}","templated":true}]}}