{"id":2897,"date":"2022-02-15T17:00:12","date_gmt":"2022-02-15T16:00:12","guid":{"rendered":"https:\/\/vivamedias.com\/fr\/?post_type=product&#038;p=2897"},"modified":"2023-09-23T10:19:33","modified_gmt":"2023-09-23T08:19:33","slug":"les-mysteres-de-lhistoire-3-n15-marie-curie","status":"publish","type":"product","link":"https:\/\/www.axala.fr\/en\/magazine\/les-mysteres-de-lhistoire-3-n15-marie-curie\/","title":{"rendered":"Marie Curie"},"content":{"rendered":"<div class=\"woocommerce-tabs wc-tabs-wrapper\">\n<div id=\"tab-description\" class=\"woocommerce-Tabs-panel woocommerce-Tabs-panel--description panel entry-content wc-tab\" role=\"tabpanel\" aria-labelledby=\"tab-title-description\">\n<div class=\"page\" title=\"Page 3\">\n<div class=\"section\">\n<div class=\"layoutArea\">\n<div class=\"column\">\n<div class=\"page\" title=\"Page 5\">\n<div class=\"layoutArea\">\n<div class=\"column\">\n<h1>Une revue de presse r\u00e9alis\u00e9e \u00e0 partir d\u2019archives<\/h1>\n<p>Mania Sklodowska \u2013 Marie Curie \u2013 est n\u00e9e \u00e0 Varsovie en 1867. Ses parents appartiennent tous deux \u00e0 des familles polonaises catholiques. M. Sklodowski est professeur de physique dans un lyc\u00e9e. Mania r\u00eave d\u2019aller faire des \u00e9tudes scientifiques en France, \u00e0 la Sorbonne. Mais elle est trop pauvre. Pendant de longues ann\u00e9es d\u2019attente, elle exerce le m\u00e9tier de gouvernante d\u2019enfants, dans des familles polonaises. Puis le grand d\u00e9part a lieu : Mania devient \u00abMarie\u00bb Sklodowska, une \u00e9tudiante \u00e0 la facult\u00e9 des sciences de Paris. Durant trois ann\u00e9es, elle vit dans une mansarde du quartier latin, solitaire, surmen\u00e9e de travail, harcel\u00e9e par la mis\u00e8re. En 1894, elle rencontre Pierre Curie, un Fran\u00e7ais, un physicien de g\u00e9nie. Leur mariage a lieu en 1895. Marie mettra au monde deux filles, Ir\u00e8ne et Eve.<\/p>\n<p>Marie Curie entreprend alors de pr\u00e9parer une th\u00e8se de doctorat. Ayant choisi comme sujet de recherches l\u2019\u00e9tude des rayons de Becquerel, \u00e9mis par l\u2019uranium, elle d\u00e9couvre que d\u2019autres corps \u00e9mettent des rayons analogues et elle donne \u00e0 ce ph\u00e9nom\u00e8ne le nom de \u00abradioactivit\u00e9\u00bb. Pierre Curie abandonne ses travaux personnels pour joindre ses efforts \u00e0 ceux de Marie. Le couple d\u00e9couvre deux corps nouv e a u x , puissamment radioactifs : le polonium et le radium. Et la radioactivit\u00e9 du radium est \u00e9norme. Pour isoler du radium pur, Pierre et Marie Curie travaillent, quatre ann\u00e9es durant, dans un hangar mis\u00e9rable que leur a pr\u00eat\u00e9 l\u2019\u00e9cole de physique et de chimie de la rue Lhomond, et qui leur tient lieu de laboratoire. Il appara\u00eet bient\u00f4t que la d\u00e9couverte du radium aura en physique, en chimie, en philosophie, en biologie, en m\u00e9decine, d\u2019immenses prolongements. Le radium, en d\u00e9truisant les cellules malades, peut gu\u00e9rir certaines formes du cancer.<\/p>\n<p>En un bref entretien, Pierre et Marie Curie d\u00e9cident de publier int\u00e9gralement les proc\u00e9d\u00e9s d\u2019extraction du radium, de ne prendre aucun brevet, de ne tirer aucun b\u00e9n\u00e9fice mat\u00e9riel de leur d\u00e9couverte. En 1903, le prix Nobel de Physique est d\u00e9cerne \u00e0 Henri Becquerel, Pierre Curie et Marie Curie. La gloire s\u2019abat sur le couple de savants.<\/p>\n<p>En 1906, Pierre Curie est \u00e9cras\u00e9 par un camion, en traversant la rue Dauphine. Malgr\u00e9 sa d\u00e9tresse, Marie, solitaire, continue l\u2019\u0153uvre entreprise\u2026 Pendant la Grand Guerre elle d\u00e9voue toute son activit\u00e9 \u00e0 l\u2019organisation des services radiologiques dans les h\u00f4pitaux. La paix revenue, elle retrouve son existence \u00abnormale\u00bb, faite de simplicit\u00e9, d\u2019intimit\u00e9 familiale, de travail acharn\u00e9.<\/p>\n<\/div>\n<\/div>\n<\/div>\n<p>&nbsp;<\/p>\n<p><em>Par SONIA SALE\u0301S \u2014 Re\u0301dactrice en chef<\/em><\/p>\n<\/div>\n<\/div>\n<\/div>\n<\/div>\n<\/div>\n<\/div>\n","protected":false},"excerpt":{"rendered":"<h1 class=\"product_title entry-title\">Les myst\u00e8res de l\u2019Histoire 3 n\u00b015 \u2013 MARIE CURIE<\/h1>\n<p>F\u00e9vrier Avril 2022. Version num\u00e9rique<\/p>\n<p class=\"price\"><del aria-hidden=\"true\"><span class=\"woocommerce-Price-amount amount\"><bdi>15,00<span class=\"woocommerce-Price-currencySymbol\">\u20ac<\/span><\/bdi><\/span><\/del>\u00a0<ins><span class=\"woocommerce-Price-amount amount\"><bdi>8,91<span class=\"woocommerce-Price-currencySymbol\">\u20ac<\/span><\/bdi><\/span><\/ins><\/p>\n<div class=\"woocommerce-product-details__short-description\">\n<p>Les grands personnages\u2022 NUM\u00c9RO 15<\/p>\n<p><b>MARIE CURIE L\u2019<\/b>\u00a0H\u00c9ROINE DU XXe SI\u00c9CLE<b><\/b><\/p>\n<p>DRAMES\u00a0 ET PASSION DANS LA VIE D\u2019UNE FEMME D\u2019EXCEPTION<\/p>\n<p><strong>SA D\u00c9COUVERTE !<\/strong><b><\/b><\/p>\n<p>Le Radium, qui donna les cr\u00e8mes de beaut\u00e9, le soda, les eaux min\u00e9rales et m\u00eame les layettes.<b><\/b><\/p>\n<p>Il est cens\u00e9 gu\u00e9rir l\u2019arthrite, l\u2019hypertension, la sciatique ou le diab\u00e8te.<\/p>\n<p><strong>EXCEPTIONNEL !<\/strong><b><\/b><\/p>\n<p>\u2022 2 G\u00c9N\u00c9RATIONS DE SCIENTIFIQUES,<b><\/b><\/p>\n<p>\u2022 4 SAVANTS,<b><\/b><\/p>\n<p>\u2022 5 PRIX NOBELS.\u00a0<b><\/b><\/p>\n<p>&nbsp;<\/p>\n<p>&nbsp;<\/p>\n<p>148 pages<\/p>\n<\/div>\n","protected":false},"featured_media":6245,"comment_status":"closed","ping_status":"closed","template":"","meta":{"_acf_changed":false,"_monsterinsights_skip_tracking":false,"_monsterinsights_sitenote_active":false,"_monsterinsights_sitenote_note":"","_monsterinsights_sitenote_category":0,"_uf_show_specific_survey":0,"_uf_disable_surveys":false},"product_brand":[],"product_cat":[174],"product_tag":[],"class_list":{"0":"post-2897","1":"product","2":"type-product","3":"status-publish","4":"has-post-thumbnail","6":"product_cat-les-mysteres-de-lhistoire","8":"first","9":"instock","10":"sale","11":"downloadable","12":"virtual","13":"taxable","14":"purchasable","15":"product-type-simple"},"acf":[],"aioseo_notices":[],"_links":{"self":[{"href":"https:\/\/www.axala.fr\/en\/wp-json\/wp\/v2\/product\/2897","targetHints":{"allow":["GET"]}}],"collection":[{"href":"https:\/\/www.axala.fr\/en\/wp-json\/wp\/v2\/product"}],"about":[{"href":"https:\/\/www.axala.fr\/en\/wp-json\/wp\/v2\/types\/product"}],"replies":[{"embeddable":true,"href":"https:\/\/www.axala.fr\/en\/wp-json\/wp\/v2\/comments?post=2897"}],"wp:featuredmedia":[{"embeddable":true,"href":"https:\/\/www.axala.fr\/en\/wp-json\/wp\/v2\/media\/6245"}],"wp:attachment":[{"href":"https:\/\/www.axala.fr\/en\/wp-json\/wp\/v2\/media?parent=2897"}],"wp:term":[{"taxonomy":"product_brand","embeddable":true,"href":"https:\/\/www.axala.fr\/en\/wp-json\/wp\/v2\/product_brand?post=2897"},{"taxonomy":"product_cat","embeddable":true,"href":"https:\/\/www.axala.fr\/en\/wp-json\/wp\/v2\/product_cat?post=2897"},{"taxonomy":"product_tag","embeddable":true,"href":"https:\/\/www.axala.fr\/en\/wp-json\/wp\/v2\/product_tag?post=2897"}],"curies":[{"name":"wp","href":"https:\/\/api.w.org\/{rel}","templated":true}]}}