{"id":3073,"date":"2020-07-21T17:38:20","date_gmt":"2020-07-21T15:38:20","guid":{"rendered":"https:\/\/vivamedias.com\/fr\/?post_type=product&#038;p=3073"},"modified":"2023-09-23T10:19:35","modified_gmt":"2023-09-23T08:19:35","slug":"enquetes-criminelles-33","status":"publish","type":"product","link":"https:\/\/www.axala.fr\/en\/magazine\/enquetes-criminelles-33\/","title":{"rendered":"Enqu\u00eates Criminelles #33"},"content":{"rendered":"<h3><strong><em>Personne n\u2019est \u00e0 l\u2019abri<\/em><\/strong><\/h3>\n<p>Le harc\u00e8lement sexuel est l\u2019une des plaies de notre soci\u00e9t\u00e9. Et l\u2019on s\u2019aper\u00e7oit qu\u2019aucun milieu n\u2019est \u00e9pargn\u00e9, m\u00eame ceux que l\u2019on croyait intellectuellement avanc\u00e9, comme le monde m\u00e9dical ou les m\u00e9dias. Heureusement, la parole se lib\u00e8re et les t\u00e9moignages se multiplient, r\u00e9v\u00e9lant des pratiques que l\u2019on esp\u00e9rait \u2013 \u00e0 tort \u2013 d\u00e9pass\u00e9es.<\/p>\n<p>La r\u00e9daction<\/p>\n","protected":false},"excerpt":{"rendered":"<p>Juillet &#8211; Aout &#8211; Septembre 2020. Version num\u00e9rique<\/p>\n<div class=\"woocommerce-product-details__short-description\">\n<p>Le magazine n\u00b01 des faits divers et de la presse judiciaire<\/p>\n<p><strong><span style=\"text-decoration: underline;\">L\u2019ENQU\u00caTE DE LA R\u00c9DAC\u2019<\/span>\u00a0: Allusions sexuelles, attouchements, viols, chantages, promotions canap\u00e9&#8230; Que se passe-t-il vraiment dans nos h\u00f4pitaux ?<\/strong><\/p>\n<p>&nbsp;<\/p>\n<p>Et dans la rubrique People, retrouvez Naomi Campbell, Jean-Marc Morandini, Nathalie Marquay, Jean-Jacques Bourdin&#8230;<\/p>\n<p>&nbsp;<\/p>\n<\/div>\n","protected":false},"featured_media":5958,"comment_status":"closed","ping_status":"closed","template":"","meta":{"_acf_changed":false,"_monsterinsights_skip_tracking":false,"_monsterinsights_sitenote_active":false,"_monsterinsights_sitenote_note":"","_monsterinsights_sitenote_category":0,"_uf_show_specific_survey":0,"_uf_disable_surveys":false},"product_brand":[],"product_cat":[173],"product_tag":[],"class_list":{"0":"post-3073","1":"product","2":"type-product","3":"status-publish","4":"has-post-thumbnail","6":"product_cat-enquetes-criminelles","8":"first","9":"instock","10":"sale","11":"downloadable","12":"virtual","13":"taxable","14":"purchasable","15":"product-type-simple"},"acf":[],"aioseo_notices":[],"_links":{"self":[{"href":"https:\/\/www.axala.fr\/en\/wp-json\/wp\/v2\/product\/3073","targetHints":{"allow":["GET"]}}],"collection":[{"href":"https:\/\/www.axala.fr\/en\/wp-json\/wp\/v2\/product"}],"about":[{"href":"https:\/\/www.axala.fr\/en\/wp-json\/wp\/v2\/types\/product"}],"replies":[{"embeddable":true,"href":"https:\/\/www.axala.fr\/en\/wp-json\/wp\/v2\/comments?post=3073"}],"wp:featuredmedia":[{"embeddable":true,"href":"https:\/\/www.axala.fr\/en\/wp-json\/wp\/v2\/media\/5958"}],"wp:attachment":[{"href":"https:\/\/www.axala.fr\/en\/wp-json\/wp\/v2\/media?parent=3073"}],"wp:term":[{"taxonomy":"product_brand","embeddable":true,"href":"https:\/\/www.axala.fr\/en\/wp-json\/wp\/v2\/product_brand?post=3073"},{"taxonomy":"product_cat","embeddable":true,"href":"https:\/\/www.axala.fr\/en\/wp-json\/wp\/v2\/product_cat?post=3073"},{"taxonomy":"product_tag","embeddable":true,"href":"https:\/\/www.axala.fr\/en\/wp-json\/wp\/v2\/product_tag?post=3073"}],"curies":[{"name":"wp","href":"https:\/\/api.w.org\/{rel}","templated":true}]}}