{"id":3075,"date":"2020-04-21T17:43:57","date_gmt":"2020-04-21T15:43:57","guid":{"rendered":"https:\/\/vivamedias.com\/fr\/?post_type=product&#038;p=3075"},"modified":"2023-09-23T10:19:36","modified_gmt":"2023-09-23T08:19:36","slug":"enquetes-criminelles-32","status":"publish","type":"product","link":"https:\/\/www.axala.fr\/en\/magazine\/enquetes-criminelles-32\/","title":{"rendered":"Enqu\u00eates Criminelles #32"},"content":{"rendered":"<h3><strong><em>O\u00f9 sont pass\u00e9es les valeurs du sport ?<\/em><\/strong><\/h3>\n<p>&nbsp;<\/p>\n<p>Respect. Honn\u00eatet\u00e9. Courage. Honneur\u2026 des qualit\u00e9s qui seraient li\u00e9es au sport. Un monde qui a un c\u00f4t\u00e9 bien plus sombre. Gestes d\u00e9plac\u00e9s, harc\u00e8lement, chantage, violences sexuelles, viols\u2026 nos enfants ne sont-ils pas \u00e0 la merci des pr\u00e9dateurs quand nous les croyons prot\u00e9g\u00e9s par des professionnels ?<\/p>\n<p>La r\u00e9daction<\/p>\n","protected":false},"excerpt":{"rendered":"<p>Avril &#8211; Mai &#8211; Juin 2020. Version num\u00e9rique<\/p>\n<div class=\"woocommerce-product-details__short-description\">\n<p>Le magazine n\u00b01 des faits divers et de la presse judiciaire<\/p>\n<p><strong><span style=\"text-decoration: underline;\">L\u2019ENQU\u00caTE DE LA R\u00c9DAC\u2019<\/span>\u00a0: harc\u00e8lement, sexe, violence, contraintes&#8230; dans les sports. Que se passe-t-il vraiment dans les COURS DE DANSE ?<\/strong><\/p>\n<p>&nbsp;<\/p>\n<p>Et dans la rubrique People, retrouvez Sarah Abitbol,\u00a0 Isabelle Demongeot, Claudine Emonet,\u00a0 Am\u00e9lie Qu\u00e9guiner, H\u00e9l\u00e8ne Godard&#8230;<\/p>\n<p>&nbsp;<\/p>\n<\/div>\n","protected":false},"featured_media":5957,"comment_status":"closed","ping_status":"closed","template":"","meta":{"_acf_changed":false,"_monsterinsights_skip_tracking":false,"_monsterinsights_sitenote_active":false,"_monsterinsights_sitenote_note":"","_monsterinsights_sitenote_category":0,"_uf_show_specific_survey":0,"_uf_disable_surveys":false},"product_brand":[],"product_cat":[173],"product_tag":[],"class_list":{"0":"post-3075","1":"product","2":"type-product","3":"status-publish","4":"has-post-thumbnail","6":"product_cat-enquetes-criminelles","8":"first","9":"instock","10":"sale","11":"downloadable","12":"virtual","13":"taxable","14":"purchasable","15":"product-type-simple"},"acf":[],"aioseo_notices":[],"_links":{"self":[{"href":"https:\/\/www.axala.fr\/en\/wp-json\/wp\/v2\/product\/3075","targetHints":{"allow":["GET"]}}],"collection":[{"href":"https:\/\/www.axala.fr\/en\/wp-json\/wp\/v2\/product"}],"about":[{"href":"https:\/\/www.axala.fr\/en\/wp-json\/wp\/v2\/types\/product"}],"replies":[{"embeddable":true,"href":"https:\/\/www.axala.fr\/en\/wp-json\/wp\/v2\/comments?post=3075"}],"wp:featuredmedia":[{"embeddable":true,"href":"https:\/\/www.axala.fr\/en\/wp-json\/wp\/v2\/media\/5957"}],"wp:attachment":[{"href":"https:\/\/www.axala.fr\/en\/wp-json\/wp\/v2\/media?parent=3075"}],"wp:term":[{"taxonomy":"product_brand","embeddable":true,"href":"https:\/\/www.axala.fr\/en\/wp-json\/wp\/v2\/product_brand?post=3075"},{"taxonomy":"product_cat","embeddable":true,"href":"https:\/\/www.axala.fr\/en\/wp-json\/wp\/v2\/product_cat?post=3075"},{"taxonomy":"product_tag","embeddable":true,"href":"https:\/\/www.axala.fr\/en\/wp-json\/wp\/v2\/product_tag?post=3075"}],"curies":[{"name":"wp","href":"https:\/\/api.w.org\/{rel}","templated":true}]}}