{"id":3775,"date":"2022-09-12T12:43:27","date_gmt":"2022-09-12T10:43:27","guid":{"rendered":"https:\/\/vivamedias.com\/fr\/?post_type=product&#038;p=3775"},"modified":"2023-09-23T10:19:38","modified_gmt":"2023-09-23T08:19:38","slug":"les-mysteres-de-lhistoire-3-n16-coco-chanel","status":"publish","type":"product","link":"https:\/\/www.axala.fr\/en\/magazine\/les-mysteres-de-lhistoire-3-n16-coco-chanel\/","title":{"rendered":"Les myst\u00e8res de l\u2019Histoire 3 n\u00b016 \u2013 COCO CHANEL"},"content":{"rendered":"<div class=\"woocommerce-tabs wc-tabs-wrapper\">\n<div id=\"tab-description\" class=\"woocommerce-Tabs-panel woocommerce-Tabs-panel--description panel entry-content wc-tab\" role=\"tabpanel\" aria-labelledby=\"tab-title-description\">\n<div class=\"page\" title=\"Page 3\">\n<div class=\"section\">\n<div class=\"layoutArea\">\n<div class=\"column\">\n<div class=\"page\" title=\"Page 5\">\n<div class=\"layoutArea\">\n<div class=\"column\">\n<h1>\u00abJ\u2019ai choisi ce que je voulais \u00eatre et je le suis.\u00bb<\/h1>\n<p>Que reste-t-il du mod\u00e8le \u00abArts de s\u00e9duire\u00bb de COCO Chanel aujourd\u2019hui ? C\u2019est une question que l\u2019on peut se poser avant d\u2019acqu\u00e9rir un flacon de son N\u00b05, toujours aussi c\u00e9l\u00e8bre malgr\u00e9 le temps pass\u00e9. Ainsi, on se demande si un produit ou une marque peut passer \u00e0 la post\u00e9rit\u00e9 sans un individu qui l\u2019incarne, \u00e0 moins que ce ne soit le contraire .. ?<\/p>\n<p>Dans le cas de COCO, la r\u00e9ponse pourrait \u00eatre \u00e9vidente car la vie de Gabrielle Chanel fut en phase avec son temps ; de ses d\u00e9but \u00e0 Paris, \u00e0 son portrait par Colette puis au travers de l\u2019occupation allemande, c\u2019est donc roman, qu\u2019il convient de raconte.<\/p>\n<\/div>\n<\/div>\n<\/div>\n<p><em>Par JEAN-PAUL MARCHAND<\/em><\/p>\n<p>\u2014 R\u00e9dacteur en chef<\/p>\n<\/div>\n<\/div>\n<\/div>\n<\/div>\n<\/div>\n<\/div>\n","protected":false},"excerpt":{"rendered":"<h1 class=\"product_title entry-title\">Les myst\u00e8res de l\u2019Histoire 3 n\u00b016 \u2013 COCO CHANEL<\/h1>\n<p>JUILLET SEPTEMBRE 2022. VERSION NUMERIQUE<\/p>\n<p class=\"price\"><del aria-hidden=\"true\"><span class=\"woocommerce-Price-amount amount\"><bdi>15,00<span class=\"woocommerce-Price-currencySymbol\">\u20ac<\/span><\/bdi><\/span><\/del>\u00a0<ins><span class=\"woocommerce-Price-amount amount\"><bdi>8,91<span class=\"woocommerce-Price-currencySymbol\">\u20ac<\/span><\/bdi><\/span><\/ins><\/p>\n<div class=\"woocommerce-product-details__short-description\">\n<p>LES GRANDS PERSONNAGES\u2022 NUM\u00c9RO 16<\/p>\n<p><b>COCO CHANEL\u00a0 L\u2019<\/b> ICONE DU XXe SI\u00c9CLE<b><\/b><\/p>\n<p>PASSIONS ET MYST\u00c8RES DANS LA VIE D\u2019UNE FEMME\u00a0 D\u2019EXCEPTION<\/p>\n<p><strong>CREATRICE DE MODE<\/strong><b><\/b><\/p>\n<p>MAGNAT DES AFFAIRES ET ESPIONNE<\/p>\n<p><strong>CHANEL N\u00b05<\/strong><b><\/b><\/p>\n<p>LES SECRETS DU PARFUM LE PLUS C\u00c9L\u00c8BRE AU MONDE<b><\/b><\/p>\n<p>&nbsp;<\/p>\n<p>&nbsp;<\/p>\n<p>148 pages<\/p>\n<\/div>\n","protected":false},"featured_media":6151,"comment_status":"closed","ping_status":"closed","template":"","meta":{"_acf_changed":false,"_monsterinsights_skip_tracking":false,"_monsterinsights_sitenote_active":false,"_monsterinsights_sitenote_note":"","_monsterinsights_sitenote_category":0,"_uf_show_specific_survey":0,"_uf_disable_surveys":false},"product_brand":[],"product_cat":[174],"product_tag":[],"class_list":{"0":"post-3775","1":"product","2":"type-product","3":"status-publish","4":"has-post-thumbnail","6":"product_cat-les-mysteres-de-lhistoire","8":"first","9":"instock","10":"sale","11":"downloadable","12":"virtual","13":"taxable","14":"purchasable","15":"product-type-simple"},"acf":[],"aioseo_notices":[],"_links":{"self":[{"href":"https:\/\/www.axala.fr\/en\/wp-json\/wp\/v2\/product\/3775","targetHints":{"allow":["GET"]}}],"collection":[{"href":"https:\/\/www.axala.fr\/en\/wp-json\/wp\/v2\/product"}],"about":[{"href":"https:\/\/www.axala.fr\/en\/wp-json\/wp\/v2\/types\/product"}],"replies":[{"embeddable":true,"href":"https:\/\/www.axala.fr\/en\/wp-json\/wp\/v2\/comments?post=3775"}],"wp:featuredmedia":[{"embeddable":true,"href":"https:\/\/www.axala.fr\/en\/wp-json\/wp\/v2\/media\/6151"}],"wp:attachment":[{"href":"https:\/\/www.axala.fr\/en\/wp-json\/wp\/v2\/media?parent=3775"}],"wp:term":[{"taxonomy":"product_brand","embeddable":true,"href":"https:\/\/www.axala.fr\/en\/wp-json\/wp\/v2\/product_brand?post=3775"},{"taxonomy":"product_cat","embeddable":true,"href":"https:\/\/www.axala.fr\/en\/wp-json\/wp\/v2\/product_cat?post=3775"},{"taxonomy":"product_tag","embeddable":true,"href":"https:\/\/www.axala.fr\/en\/wp-json\/wp\/v2\/product_tag?post=3775"}],"curies":[{"name":"wp","href":"https:\/\/api.w.org\/{rel}","templated":true}]}}