{"id":3848,"date":"2022-09-28T16:16:49","date_gmt":"2022-09-28T14:16:49","guid":{"rendered":"https:\/\/vivamedias.com\/fr\/?post_type=product&#038;p=3848"},"modified":"2023-09-23T10:19:38","modified_gmt":"2023-09-23T08:19:38","slug":"les-mysteres-de-lhistoire-3-n17-les-kennedy","status":"publish","type":"product","link":"https:\/\/www.axala.fr\/en\/magazine\/les-mysteres-de-lhistoire-3-n17-les-kennedy\/","title":{"rendered":"Les myst\u00e8res de l\u2019Histoire 3 n\u00b017 \u2013  LES KENNEDY"},"content":{"rendered":"<div class=\"woocommerce-tabs wc-tabs-wrapper\">\n<div id=\"tab-description\" class=\"woocommerce-Tabs-panel woocommerce-Tabs-panel--description panel entry-content wc-tab\" role=\"tabpanel\" aria-labelledby=\"tab-title-description\">\n<div class=\"page\" title=\"Page 3\">\n<div class=\"section\">\n<div class=\"layoutArea\">\n<div class=\"column\">\n<div class=\"page\" title=\"Page 5\">\n<div class=\"layoutArea\">\n<div class=\"column\">\n<h1>Une revue de presse r\u00e9alis\u00e9e \u00e0 partir d\u2019archives.<\/h1>\n<p>L\u2019assassinat de John Fitzgerald Kennedy, le 22 novembre 1963 \u00e0 Dallas, fut un v\u00e9ritable coup de tonnerre pour la soci\u00e9t\u00e9 am\u00e9ricaine et le monde occidental en g\u00e9n\u00e9ral. En une fraction de secondes, l\u2019espoir que son \u00e9lection avait fait na\u00eetre s\u2019est \u00e9teint.<\/p>\n<p>Donald Trump, l\u2019actuel pr\u00e9sident des Etats-Unis, a d\u00e9classifi\u00e9 les archives de cette p\u00e9riode trouble en octobre 2017. D\u2019aucun pensaient que la v\u00e9rit\u00e9 allait en \u00e9merger, mais ces documents \u2013 tout en donnant quelques informations int\u00e9ressantes sur l\u2019atmosph\u00e8re politique et diplomatique d\u2019une \u00e9poque \u2013 ne rec\u00e8lent pas \u00e9crit noir sur blanc l\u2019identit\u00e9 de l\u2019assassin de JFK et\/ ou de ses commanditaires.<\/p>\n<p>Depuis le lendemain de l\u2019assassinat de Kennedy, les th\u00e9ories vont bon train sur l\u2019auteur de ce meurtre quasi r\u00e9gicide, tant JFK poss\u00e9dait une aura hors du commun. La version officielle d\u00e9signa Lee Harvey Oswald qui semble toujours \u00e0 l\u2019heure actuelle le suspect le plus plausible, en tout cas le coupable id\u00e9al. D\u2019autres th\u00e9ories font \u00e9tat de l\u2019implication de la CIA et du vice-pr\u00e9sident Lyndon Johnson, de Cuba ou de la mafia.<\/p>\n<p>Les raisons de l\u2019assassinat de JFK demeurent, aujourd\u2019hui encore, assez floues. Son engagement pour la paix et le fait<\/p>\n<p>qu\u2019il souhaitait r\u00e9v\u00e9ler au peuple am\u00e9ricain certaines v\u00e9rit\u00e9s dissimul\u00e9es n\u2019y sont peut-\u00eatre pas \u00e9tranger. Seule certitude : le 35e pr\u00e9sident des Etats-Unis s\u2019\u00e9tait attir\u00e9 de nombreuses inimiti\u00e9s au fil du temps. Les mobiles de meurtre \u00e9taient donc nombreux.<\/p>\n<p>Ce drame de l\u2019histoire am\u00e9ricaine est \u00e9galement celui de toute une dynastie : les Kennedy. A partir de novembre 1963 cette famille, quasi royale, conna\u00eetra une s\u00e9rie de trag\u00e9dies : morts violentes par accident, meurtre ou suicide, scandales, maladies incurables\u2026 Certains observateurs parlent m\u00eame d\u2019une mal\u00e9diction.<\/p>\n<p>En tout \u00e9tat de cause, JFK demeure un mythe ind\u00e9tr\u00f4nable et continue de peupler l\u2019inconscient des am\u00e9ricains. A tel point que de nombreux cin\u00e9astes et \u00e9crivains continuent d\u2019imaginer ce que le monde aurait \u00e9t\u00e9 si Kennedy avait surv\u00e9cu.<\/p>\n<\/div>\n<\/div>\n<\/div>\n<p><em>Par JEAN-PAUL MARCHAND<\/em><\/p>\n<p>\u2014 R\u00e9dacteur en chef<\/p>\n<\/div>\n<\/div>\n<\/div>\n<\/div>\n<\/div>\n<\/div>\n","protected":false},"excerpt":{"rendered":"<h1 class=\"product_title entry-title\">Les myst\u00e8res de l\u2019Histoire 3 n\u00b017 \u2013 LES KENNEDY<\/h1>\n<p>OCTOBRE DECEMBRE 2022. VERSION NUMERIQUE<\/p>\n<p class=\"price\"><del aria-hidden=\"true\"><span class=\"woocommerce-Price-amount amount\"><bdi>15,00<span class=\"woocommerce-Price-currencySymbol\">\u20ac<\/span><\/bdi><\/span><\/del>\u00a0<ins><span class=\"woocommerce-Price-amount amount\"><bdi>8,91<span class=\"woocommerce-Price-currencySymbol\">\u20ac<\/span><\/bdi><\/span><\/ins><\/p>\n<div class=\"woocommerce-product-details__short-description\">\n<p>LES GRANDS PERSONNAGES\u2022 NUM\u00c9RO 17<\/p>\n<p><b>\u00a0LES KENNEDY\u00a0\u00a0<\/b>LE SECRET ENFIN D\u00c9VOIL\u00c9<b><\/b><\/p>\n<p>LA V\u00c9RIT\u00c9 SUR LE 35e PR\u00c9SIDENT DES \u00c9TATS-UNIS<\/p>\n<p><strong>R\u00c9V\u00c9LATION<\/strong><b><\/b><\/p>\n<p>LES PIRES SECRETS DU FBI RENDUS PUBLICS PAR DONALD TRUMP<\/p>\n<p><strong>DALLAS<\/strong><b><\/b><\/p>\n<p>TH\u00c9ORIE SUR UN ASSASSINAT<\/p>\n<p>COMPLOT QUI A D\u00c9STABILIS\u00c9 L\u2019AM\u00c9RIQUE<\/p>\n<p>148 pages<\/p>\n<\/div>\n","protected":false},"featured_media":6148,"comment_status":"closed","ping_status":"closed","template":"","meta":{"_acf_changed":false,"_monsterinsights_skip_tracking":false,"_monsterinsights_sitenote_active":false,"_monsterinsights_sitenote_note":"","_monsterinsights_sitenote_category":0,"_uf_show_specific_survey":0,"_uf_disable_surveys":false},"product_brand":[],"product_cat":[174],"product_tag":[],"class_list":{"0":"post-3848","1":"product","2":"type-product","3":"status-publish","4":"has-post-thumbnail","6":"product_cat-les-mysteres-de-lhistoire","8":"first","9":"instock","10":"sale","11":"downloadable","12":"virtual","13":"taxable","14":"purchasable","15":"product-type-simple"},"acf":[],"aioseo_notices":[],"_links":{"self":[{"href":"https:\/\/www.axala.fr\/en\/wp-json\/wp\/v2\/product\/3848","targetHints":{"allow":["GET"]}}],"collection":[{"href":"https:\/\/www.axala.fr\/en\/wp-json\/wp\/v2\/product"}],"about":[{"href":"https:\/\/www.axala.fr\/en\/wp-json\/wp\/v2\/types\/product"}],"replies":[{"embeddable":true,"href":"https:\/\/www.axala.fr\/en\/wp-json\/wp\/v2\/comments?post=3848"}],"wp:featuredmedia":[{"embeddable":true,"href":"https:\/\/www.axala.fr\/en\/wp-json\/wp\/v2\/media\/6148"}],"wp:attachment":[{"href":"https:\/\/www.axala.fr\/en\/wp-json\/wp\/v2\/media?parent=3848"}],"wp:term":[{"taxonomy":"product_brand","embeddable":true,"href":"https:\/\/www.axala.fr\/en\/wp-json\/wp\/v2\/product_brand?post=3848"},{"taxonomy":"product_cat","embeddable":true,"href":"https:\/\/www.axala.fr\/en\/wp-json\/wp\/v2\/product_cat?post=3848"},{"taxonomy":"product_tag","embeddable":true,"href":"https:\/\/www.axala.fr\/en\/wp-json\/wp\/v2\/product_tag?post=3848"}],"curies":[{"name":"wp","href":"https:\/\/api.w.org\/{rel}","templated":true}]}}