{"id":3852,"date":"2022-09-28T16:50:19","date_gmt":"2022-09-28T14:50:19","guid":{"rendered":"https:\/\/vivamedias.com\/fr\/?post_type=product&#038;p=3852"},"modified":"2023-10-01T09:29:54","modified_gmt":"2023-10-01T07:29:54","slug":"les-mysteres-de-lhistoire-4-n16-maitresses","status":"publish","type":"product","link":"https:\/\/www.axala.fr\/en\/magazine\/les-mysteres-de-lhistoire-4-n16-maitresses\/","title":{"rendered":"Les myst\u00e8res de l\u2019Histoire 4 n\u00b016 \u2013  MAITRESSES"},"content":{"rendered":"<div class=\"page\" title=\"Page 5\">\n<div class=\"layoutArea\">\n<div class=\"column\">\n<div class=\"page\" title=\"Page 5\">\n<div class=\"layoutArea\">\n<div class=\"column\"><\/div>\n<\/div>\n<\/div>\n<\/div>\n<\/div>\n<\/div>\n<div class=\"page\" title=\"Page 5\">\n<div class=\"layoutArea\">\n<div class=\"column\">\n<h3>\u201cFille \u00e0 papa\u201d<\/h3>\n<\/div>\n<\/div>\n<\/div>\n<p>Cl\u00e9op\u00e2tre est souvent d\u00e9crite comme une femme fatale en raison de ses relations amoureuses avec les puissants romains Jules C\u00e9sar et Marc- Antoine. Mais son statut de s\u00e9ductrice est bien r\u00e9ducteur : Cl\u00e9op\u00e2tre fut l\u2019une des reines les plus fabuleuses et les plus puissantes de l\u2019histoire.<\/p>\n<p>Son nom complet est Cl\u00e9op\u00e2tre VII Philopator, \u00abcelle qui aime son p\u00e8re\u00bb en grec, septi\u00e8me et derni\u00e8re d\u2019une lign\u00e9e de Cl\u00e9op\u00e2tre princesses et souveraines d\u2019\u00c9gypte et du royaume s\u00e9leucide (dynastie hell\u00e9nistique fond\u00e9e par S\u00e9leucos et qui r\u00e9gna de 312 \u00e0 64 avant J\u00e9sus-Christ, sous les ordre d\u2019Alexandre le Grand). Elle na\u00eet en 68 av. J.-C., de l\u2019union du pharaon Ptol\u00e9m\u00e9e XII avec une concubine ou une femme secondaire anonyme. Tout comme ceux qui la suivirent : Arsino\u00e9, Ptol\u00e9m\u00e9e XIII et Ptol\u00e9m\u00e9e XIV. Seule B\u00e9r\u00e9nice, l\u2019a\u00een\u00e9e de la fratrie, serait n\u00e9e de Cl\u00e9op\u00e2tre VI Tryphaena, la grande \u00e9pouse royale. Ce qui fait d\u2019elle l\u2019unique enfant du pharaon pr\u00e9sent\u00e9e comme l\u2019h\u00e9riti\u00e8re naturelle et l\u00e9gitime des couronnes d\u2019\u00c9gypte.<\/p>\n<p><em>Par SONIA SALE\u0301S \u2014 Re\u0301dactrice en chef<\/em><\/p>\n","protected":false},"excerpt":{"rendered":"<h1 class=\"product_title entry-title\">Les myst\u00e8res de l\u2019Histoire n\u00b014 \u2013 CLEOPATRA<\/h1>\n<p>Novembre 2021 &#8211; Janvier 2022. Version num\u00e9rique<\/p>\n<p class=\"price\"><del aria-hidden=\"true\"><span class=\"woocommerce-Price-amount amount\"><bdi>15,00<span class=\"woocommerce-Price-currencySymbol\">\u20ac<\/span><\/bdi><\/span><\/del>\u00a0<ins><span class=\"woocommerce-Price-amount amount\"><bdi>8,91<span class=\"woocommerce-Price-currencySymbol\">\u20ac<\/span><\/bdi><\/span><\/ins><\/p>\n<div class=\"woocommerce-product-details__short-description\">\n<p>LES GRANDS PERSONNAGES<\/p>\n<p><strong>LA REINE DES REINES<\/strong><\/p>\n<p><span id=\"p64\">\u00c0 LA CROIS\u00c9E DES GRANDES PUISSANCES DE L\u2019ANTIQUIT\u00c9 : GRECQUE, \u00c9GYPTIENNE ET ROMAINE<\/span><\/p>\n<p><strong>CLEOPATRA<span id=\"p72\"><\/p>\n<p><\/span><\/strong>\u00a0REINE D\u2019\u00c9GYPTE<\/p>\n<p><span id=\"p77\"><\/span><\/p>\n<p><span id=\"p77\">LE DERNIER\u00a0 PHARAON D\u2019\u00c9GYPTE\u00a0 EST UNE FEMME<\/span><\/p>\n<p>200 pages num\u00e9ro double<\/p>\n<\/div>\n","protected":false},"featured_media":6253,"comment_status":"closed","ping_status":"closed","template":"","meta":{"_acf_changed":false,"_monsterinsights_skip_tracking":false,"_monsterinsights_sitenote_active":false,"_monsterinsights_sitenote_note":"","_monsterinsights_sitenote_category":0,"_uf_show_specific_survey":0,"_uf_disable_surveys":false},"product_brand":[],"product_cat":[174],"product_tag":[],"class_list":{"0":"post-3852","1":"product","2":"type-product","3":"status-publish","4":"has-post-thumbnail","6":"product_cat-les-mysteres-de-lhistoire","8":"first","9":"instock","10":"sale","11":"downloadable","12":"virtual","13":"taxable","14":"purchasable","15":"product-type-simple"},"acf":[],"aioseo_notices":[],"_links":{"self":[{"href":"https:\/\/www.axala.fr\/en\/wp-json\/wp\/v2\/product\/3852","targetHints":{"allow":["GET"]}}],"collection":[{"href":"https:\/\/www.axala.fr\/en\/wp-json\/wp\/v2\/product"}],"about":[{"href":"https:\/\/www.axala.fr\/en\/wp-json\/wp\/v2\/types\/product"}],"replies":[{"embeddable":true,"href":"https:\/\/www.axala.fr\/en\/wp-json\/wp\/v2\/comments?post=3852"}],"wp:featuredmedia":[{"embeddable":true,"href":"https:\/\/www.axala.fr\/en\/wp-json\/wp\/v2\/media\/6253"}],"wp:attachment":[{"href":"https:\/\/www.axala.fr\/en\/wp-json\/wp\/v2\/media?parent=3852"}],"wp:term":[{"taxonomy":"product_brand","embeddable":true,"href":"https:\/\/www.axala.fr\/en\/wp-json\/wp\/v2\/product_brand?post=3852"},{"taxonomy":"product_cat","embeddable":true,"href":"https:\/\/www.axala.fr\/en\/wp-json\/wp\/v2\/product_cat?post=3852"},{"taxonomy":"product_tag","embeddable":true,"href":"https:\/\/www.axala.fr\/en\/wp-json\/wp\/v2\/product_tag?post=3852"}],"curies":[{"name":"wp","href":"https:\/\/api.w.org\/{rel}","templated":true}]}}