{"id":3895,"date":"2022-10-18T12:08:44","date_gmt":"2022-10-18T10:08:44","guid":{"rendered":"https:\/\/vivamedias.com\/fr\/?post_type=product&#038;p=3895"},"modified":"2026-02-26T18:38:52","modified_gmt":"2026-02-26T17:38:52","slug":"arts-magazine-international-n144","status":"publish","type":"product","link":"https:\/\/www.axala.fr\/en\/magazine\/arts-magazine-international-n144\/","title":{"rendered":"Arts Magazine International N\u00b0144"},"content":{"rendered":"<div class=\"page\" title=\"Page 3\">\n<div class=\"section\">\n<div class=\"layoutArea\">\n<div class=\"column\">\n<h3>L\u2019ART PEUT-IL \u00caTRE (AUSSI) LUDIQUE ?<\/h3>\n<\/div>\n<\/div>\n<\/div>\n<\/div>\n<p>\u00ab L\u2019art est un jeu. Tant pis pour celui qui s\u2019en fait un devoir ! \u00bb, affirmait Max Jacob. Quand on constate le s\u00e9rieux, voire la<\/p>\n<p>rigidit\u00e9 qui \u00e9mane de certaines institutions \u2013 mus\u00e9es, foires, galeries\u2026 \u2013, il est parfois permis d\u2019en douter. Pourtant, d\u2019autres approches sont possibles. L\u2019\u00e9tonnante Foire foraine d\u2019art contemporain qui se tient actuellement au Centquatre Paris propose aux visiteurs de ne pas regarder ces \u0153uvres-attractions, mais de jouer avec et m\u00eame, pour certaines, de les manger. Au Palais des Beaux-Arts de Lille, l\u2019exposition \u00ab Pri\u00e8re de toucher \u00bb, n\u00e9e d\u2019un projet pour rendre l\u2019art accessible aux personnes non-voyantes, propose de renverser les codes de la visite traditionnelle du mus\u00e9e en invitant \u00e0 revisiter une histoire de la sculpture occidentale par le toucher. Plus discr\u00e8tement, le plasticien espagnol Manolo Vald\u00e9s propose un jeu de piste entre le spectateur et lui, parsemant ses cr\u00e9ations de r\u00e9f\u00e9rences \u00e0 des ma\u00eetres comme Velasquez, Picasso, Matisse ou Calder.<\/p>\n<div class=\"page\" title=\"Page 3\">\n<div class=\"section\">\n<div class=\"layoutArea\">\n<div class=\"column\">\n<p>Ces d\u00e9marches peuvent choquer les puristes, mais elles s\u00e9duisent. L\u2019Atelier des Lumi\u00e8res, qui propose, gr\u00e2ce au num\u00e9rique, des plong\u00e9es immersives dans l\u2019univers de van Gogh, C\u00e9zanne ou Kandinski, attire chaque ann\u00e9e plus de 1,3 million de visiteurs. \u00ab Mon objectif est rendre attractif le patrimoine \u00e0 un large public. Le r\u00f4le d\u2019un centre d\u2019art est de d\u00e9cloisonner, de cr\u00e9er des passerelles entre les \u00e9poques, de faire vibrer les pratiques artistiques entre elles, d\u2019amplifier les \u00e9motions, de toucher le plus grand nombre \u00bb, explique d\u2019ailleurs Bruno Monnier, pr\u00e9sident de Culturespaces, qui a imagin\u00e9 ce concept. Nicolas Trembley, c\u00e9l\u00e8bre critique d\u2019art et commissaire d\u2019exposition, r\u00e9sume ainsi ce qui n\u2019est un paradoxe qu\u2019en apparence : \u00ab \u00c9videmment, le rire et l\u2019humour font partie de l\u2019approche de l\u2019art. Mais l\u2019art lui-m\u00eame est aussi s\u00e9rieux, c\u2019est la chose la plus importante dans la vie. Sans cr\u00e9ation, il n\u2019y a pas d\u2019\u00e9volution \u00bb. Comme le dit la sagesse populaire, il faut faire les choses s\u00e9rieusement sans se prendre (trop) au s\u00e9rieux.<\/p>\n<\/div>\n<\/div>\n<\/div>\n<\/div>\n<p>Fr\u00e9d\u00e9ric BENOIT<\/p>\n<p>Directeur de la R\u00e9daction<\/p>\n<p>fb@artsmagazine.fr<\/p>\n","protected":false},"excerpt":{"rendered":"<p>OCTOBRE NOVEMBRE 2022. Version num\u00e9rique<\/p>\n<div class=\"woocommerce-product-details__short-description\">\n<p>Version num\u00e9rique \u2013 102 pages<\/p>\n<div class=\"page\" title=\"Page 1\">\n<div class=\"section\">\n<div class=\"layoutArea\">\n<div class=\"column\">\n<p><b>MUS\u00c9ES ET GALERIES, LES EXPOS \u00ab CHOC \u00bb DE L\u2019AUTOMNE \u00e0 voir absolument<\/b><\/p>\n<p>&nbsp;<\/p>\n<p><strong>IMMANQUABLE ! Figuration Narrative <\/strong>60 \u0153uvres exceptionnelles r\u00e9unies \u00e0 Clermont-Ferrand<\/p>\n<p>N\u00b0144 \/ 17e\u0300me ANNE\u0301E<\/p>\n<p>PARLONS-EN<\/p>\n<p>Jim Dine ou l\u2019\u00e9ternel renouveau Aude Herl\u00e9dan, l\u2019art et la mati\u00e8re<\/p>\n<p>\u00c9V\u00c9NEMENT<\/p>\n<p>Manifeste de la fragilit\u00e9 \u00e0 la 16\u00e8me Biennale d\u2019art contemporain de Lyon<\/p>\n<p>FOCUS SUR<\/p>\n<p>Edvard Munch, peintre de la psych\u00e9 humaine ?<\/p>\n<p>GALERISTE<\/p>\n<p>Chez Loo &#038; Lou Gallery, Bruno Blosse joue la diff\u00e9rence<\/p>\n<\/div>\n<\/div>\n<\/div>\n<\/div>\n<\/div>\n","protected":false},"featured_media":6048,"comment_status":"closed","ping_status":"closed","template":"","meta":{"_acf_changed":false,"_monsterinsights_skip_tracking":false,"_monsterinsights_sitenote_active":false,"_monsterinsights_sitenote_note":"","_monsterinsights_sitenote_category":0,"_uf_show_specific_survey":0,"_uf_disable_surveys":false},"product_brand":[],"product_cat":[172],"product_tag":[],"class_list":{"0":"post-3895","1":"product","2":"type-product","3":"status-publish","4":"has-post-thumbnail","6":"product_cat-arts-magazine","8":"first","9":"instock","10":"downloadable","11":"virtual","12":"taxable","13":"purchasable","14":"product-type-simple"},"acf":[],"aioseo_notices":[],"_links":{"self":[{"href":"https:\/\/www.axala.fr\/en\/wp-json\/wp\/v2\/product\/3895","targetHints":{"allow":["GET"]}}],"collection":[{"href":"https:\/\/www.axala.fr\/en\/wp-json\/wp\/v2\/product"}],"about":[{"href":"https:\/\/www.axala.fr\/en\/wp-json\/wp\/v2\/types\/product"}],"replies":[{"embeddable":true,"href":"https:\/\/www.axala.fr\/en\/wp-json\/wp\/v2\/comments?post=3895"}],"wp:featuredmedia":[{"embeddable":true,"href":"https:\/\/www.axala.fr\/en\/wp-json\/wp\/v2\/media\/6048"}],"wp:attachment":[{"href":"https:\/\/www.axala.fr\/en\/wp-json\/wp\/v2\/media?parent=3895"}],"wp:term":[{"taxonomy":"product_brand","embeddable":true,"href":"https:\/\/www.axala.fr\/en\/wp-json\/wp\/v2\/product_brand?post=3895"},{"taxonomy":"product_cat","embeddable":true,"href":"https:\/\/www.axala.fr\/en\/wp-json\/wp\/v2\/product_cat?post=3895"},{"taxonomy":"product_tag","embeddable":true,"href":"https:\/\/www.axala.fr\/en\/wp-json\/wp\/v2\/product_tag?post=3895"}],"curies":[{"name":"wp","href":"https:\/\/api.w.org\/{rel}","templated":true}]}}