{"id":4133,"date":"2022-12-09T13:58:42","date_gmt":"2022-12-09T12:58:42","guid":{"rendered":"https:\/\/vivamedias.com\/fr\/?post_type=product&#038;p=4133"},"modified":"2026-02-26T18:38:42","modified_gmt":"2026-02-26T17:38:42","slug":"arts-magazine-international-n145","status":"publish","type":"product","link":"https:\/\/www.axala.fr\/en\/magazine\/arts-magazine-international-n145\/","title":{"rendered":"Arts Magazine International N\u00b0145"},"content":{"rendered":"<div class=\"page\" title=\"Page 3\">\n<div class=\"section\">\n<div class=\"layoutArea\">\n<div class=\"column\">\n<h3>TOUS COLLECTIONNEURS !<\/h3>\n<p>Evidemment, peu de personnes peuvent s\u2019offir la Composition \u00e0 50,6 millions d\u2019euros chez n\u00b0II de Piet Mondrian adjug\u00e9e mi-novembre Sotheby\u2019s \u00e0 New York. \u00ab Un<\/p>\n<p>\u00e9v\u00e9nement qui n\u2019arrive qu\u2019une fois par g\u00e9n\u00e9ration \u00bb, a comment\u00e9 Julian Dawes, responsable de l\u2019art impressionniste et moderne de la maison de vente. Une r\u00e9alit\u00e9 s\u2019impose pourtant : nous sommes tous des collectionneurs potentiels. En effet, selon une \u00e9tude internationale men\u00e9e par Arts Economics et UBS Investor Watch, les jeunes g\u00e9n\u00e9rations sont les plus investies. Parmi les personnes interrog\u00e9es, on retrouve dans les collectionneurs 52% de Millennials (n\u00e9s entre 1981 et 1996) et plus de 35% de la g\u00e9n\u00e9ration X (n\u00e9s entre 1965 et 1980). Ainsi, ces deux g\u00e9n\u00e9rations repr\u00e9sentent actuellement les profils de collectionneurs les plus actifs sur le march\u00e9 de l\u2019art. Les collectionneurs issus de la g\u00e9n\u00e9ration Boomer (n\u00e9s entre 1946 et 1964) et de la g\u00e9n\u00e9ration Z (n\u00e9s entre 1997 et 2012) repr\u00e9sentaient seulement 12% des personnes interrog\u00e9es.<\/p>\n<p>Cette enqu\u00eate confirme ainsi que le march\u00e9 de l\u2019art est, certes, pouss\u00e9 par les motivations et les tendances des jeunes collectionneurs mais que la passion et l\u2019int\u00e9r\u00eat pour l\u2019art de la g\u00e9n\u00e9ration Z sont intacts et en croissance. Un tiers des collectionneurs de la g\u00e9n\u00e9ration Z consacrent d\u2019ailleurs 30% de leurs revenus \u00e0 des investissements artistiques, 27% pour les Millennials et 24% pour la g\u00e9n\u00e9ration X.<\/p>\n<p>Enfin, toujours selon cette m\u00eame \u00e9tude, il appara\u00eet \u00e9galement que les collectionneurs s\u2019int\u00e9ressent \u00e0 une grande vari\u00e9t\u00e9 d\u2019artistes.<\/p>\n<p>53% des \u0153uvres achet\u00e9es ont \u00e9t\u00e9 cr\u00e9\u00e9es par des artistes vivants, contre 47% par des artistes d\u00e9c\u00e9d\u00e9s. Autant de raisons pour lesquelles ARTS MAGAZINE est et restera le magazine de TOUS LES COLLECTIONNEURS !<\/p>\n<p>Fr\u00e9d\u00e9ric BENOIT<\/p>\n<p>Directeur de la R\u00e9daction<\/p>\n<p>fb@artsmagazine.fr<\/p>\n<\/div>\n<\/div>\n<\/div>\n<\/div>\n","protected":false},"excerpt":{"rendered":"<p>DECEMBRE JANVIER 2022. Version num\u00e9rique<\/p>\n<div class=\"woocommerce-product-details__short-description\">\n<p>Version num\u00e9rique \u2013 102 pages<\/p>\n<div class=\"page\" title=\"Page 1\">\n<div class=\"section\">\n<div class=\"layoutArea\">\n<div class=\"column\">\n<p>AGENDA<\/p>\n<p>Le guide des expositions qui illuminent la saison<\/p>\n<p>Poussin et l\u2019amour ; Baya, Femmes en leur Jardin ; Yves Klein, intime ; R\u00e9trospective Ghada Amer ; Monet &#8211; Mitchell : dialogue et r\u00e9trospective&#8230;<\/p>\n<p>PARLONS-EN<\/p>\n<p>&#8211; Pierre et Gilles : De l\u2019apparence \u00e0 la complexit\u00e9<\/p>\n<p>&#8211; Julien Primard : des perspectives \u00e9ph\u00e9m\u00e8res \u00e9clair\u00e9es<\/p>\n<p>&#8211; Les interrogations de Norbert Bisky sur notre avenir<\/p>\n<p>FOCUS SUR&#8230;<\/p>\n<p>David Hockney : insolent, audacieux, \u00e9picurien&#8230; et populaire !<\/p>\n<p>\u00c9V\u00c9NEMENT<\/p>\n<p>Quand l\u2019Art D\u00e9co naviguait entre la France et l\u2019Am\u00e9rique<\/p>\n<\/div>\n<\/div>\n<\/div>\n<\/div>\n<\/div>\n","protected":false},"featured_media":6049,"comment_status":"closed","ping_status":"closed","template":"","meta":{"_acf_changed":false,"_monsterinsights_skip_tracking":false,"_monsterinsights_sitenote_active":false,"_monsterinsights_sitenote_note":"","_monsterinsights_sitenote_category":0,"_uf_show_specific_survey":0,"_uf_disable_surveys":false},"product_brand":[],"product_cat":[172],"product_tag":[],"class_list":{"0":"post-4133","1":"product","2":"type-product","3":"status-publish","4":"has-post-thumbnail","6":"product_cat-arts-magazine","8":"first","9":"instock","10":"downloadable","11":"virtual","12":"taxable","13":"purchasable","14":"product-type-simple"},"acf":[],"aioseo_notices":[],"_links":{"self":[{"href":"https:\/\/www.axala.fr\/en\/wp-json\/wp\/v2\/product\/4133","targetHints":{"allow":["GET"]}}],"collection":[{"href":"https:\/\/www.axala.fr\/en\/wp-json\/wp\/v2\/product"}],"about":[{"href":"https:\/\/www.axala.fr\/en\/wp-json\/wp\/v2\/types\/product"}],"replies":[{"embeddable":true,"href":"https:\/\/www.axala.fr\/en\/wp-json\/wp\/v2\/comments?post=4133"}],"wp:featuredmedia":[{"embeddable":true,"href":"https:\/\/www.axala.fr\/en\/wp-json\/wp\/v2\/media\/6049"}],"wp:attachment":[{"href":"https:\/\/www.axala.fr\/en\/wp-json\/wp\/v2\/media?parent=4133"}],"wp:term":[{"taxonomy":"product_brand","embeddable":true,"href":"https:\/\/www.axala.fr\/en\/wp-json\/wp\/v2\/product_brand?post=4133"},{"taxonomy":"product_cat","embeddable":true,"href":"https:\/\/www.axala.fr\/en\/wp-json\/wp\/v2\/product_cat?post=4133"},{"taxonomy":"product_tag","embeddable":true,"href":"https:\/\/www.axala.fr\/en\/wp-json\/wp\/v2\/product_tag?post=4133"}],"curies":[{"name":"wp","href":"https:\/\/api.w.org\/{rel}","templated":true}]}}