{"id":8592,"date":"2024-10-10T14:42:06","date_gmt":"2024-10-10T12:42:06","guid":{"rendered":"https:\/\/www.axala.fr\/?post_type=product&#038;p=8592"},"modified":"2024-10-10T14:46:13","modified_gmt":"2024-10-10T12:46:13","slug":"histoires-criminelles-1","status":"publish","type":"product","link":"https:\/\/www.axala.fr\/en\/magazine\/histoires-criminelles-1\/","title":{"rendered":"Histoires Criminelles #1"},"content":{"rendered":"<h1 class=\"p1\">Histoires criminelles, le magazine !<\/h1>\n<p class=\"p1\">e crime et l&#8217;histoire sont deux aspects inextricablement li\u00e9s de l&#8217;exp\u00e9rience humaine. \u00c0 travers les \u00e9poques, le crime a \u00e9t\u00e9 pr\u00e9sent, refl\u00e9tant les tensions et les conflits de chaque soci\u00e9t\u00e9. L&#8217;histoire nous permet de comprendre les causes et les cons\u00e9quences des crimes pass\u00e9s, tout en nous offrant des le\u00e7ons pour l&#8217;avenir. Les crimes notables, tels que les assassinats politiques ou les g\u00e9nocides, ont laiss\u00e9 une empreinte ind\u00e9l\u00e9bile sur notre m\u00e9moire collective. En \u00e9tudiant le crime dans l&#8217;histoire, nous pouvons esp\u00e9rer progresser dans la pr\u00e9vention et la lutte contre la criminalit\u00e9.<\/p>\n<p class=\"p2\">La r\u00e9daction<\/p>\n","protected":false},"excerpt":{"rendered":"<p>D\u00e9cembre &#8211; Janvier &#8211; F\u00e9vrier 2024. Version num\u00e9rique<\/p>\n<div class=\"woocommerce-product-details__short-description\"><\/div>\n","protected":false},"featured_media":8586,"comment_status":"closed","ping_status":"closed","template":"","meta":{"_acf_changed":false,"_monsterinsights_skip_tracking":false,"_monsterinsights_sitenote_active":false,"_monsterinsights_sitenote_note":"","_monsterinsights_sitenote_category":0,"_uf_show_specific_survey":0,"_uf_disable_surveys":false},"product_brand":[],"product_cat":[184],"product_tag":[],"class_list":{"0":"post-8592","1":"product","2":"type-product","3":"status-publish","4":"has-post-thumbnail","6":"product_cat-histoires-criminelles","8":"first","9":"instock","10":"sale","11":"downloadable","12":"virtual","13":"taxable","14":"purchasable","15":"product-type-simple"},"acf":[],"aioseo_notices":[],"_links":{"self":[{"href":"https:\/\/www.axala.fr\/en\/wp-json\/wp\/v2\/product\/8592","targetHints":{"allow":["GET"]}}],"collection":[{"href":"https:\/\/www.axala.fr\/en\/wp-json\/wp\/v2\/product"}],"about":[{"href":"https:\/\/www.axala.fr\/en\/wp-json\/wp\/v2\/types\/product"}],"replies":[{"embeddable":true,"href":"https:\/\/www.axala.fr\/en\/wp-json\/wp\/v2\/comments?post=8592"}],"wp:featuredmedia":[{"embeddable":true,"href":"https:\/\/www.axala.fr\/en\/wp-json\/wp\/v2\/media\/8586"}],"wp:attachment":[{"href":"https:\/\/www.axala.fr\/en\/wp-json\/wp\/v2\/media?parent=8592"}],"wp:term":[{"taxonomy":"product_brand","embeddable":true,"href":"https:\/\/www.axala.fr\/en\/wp-json\/wp\/v2\/product_brand?post=8592"},{"taxonomy":"product_cat","embeddable":true,"href":"https:\/\/www.axala.fr\/en\/wp-json\/wp\/v2\/product_cat?post=8592"},{"taxonomy":"product_tag","embeddable":true,"href":"https:\/\/www.axala.fr\/en\/wp-json\/wp\/v2\/product_tag?post=8592"}],"curies":[{"name":"wp","href":"https:\/\/api.w.org\/{rel}","templated":true}]}}